{"id":2,"date":"2023-08-17T16:49:33","date_gmt":"2023-08-17T14:49:33","guid":{"rendered":"http:\/\/latelierdamandine.com\/?page_id=2"},"modified":"2023-08-21T09:08:51","modified_gmt":"2023-08-21T07:08:51","slug":"page-de-fomulaire","status":"publish","type":"page","link":"https:\/\/latelierdamandine.com\/index.php\/page-de-fomulaire\/","title":{"rendered":"Formulaire de demande de renseignements et de prise de rendez vous:"},"content":{"rendered":"\n<figure class=\"wp-block-gallery has-nested-images columns-default is-cropped wp-block-gallery-1 is-layout-flex wp-block-gallery-is-layout-flex\">\n<figure class=\"wp-block-image size-large\"><img loading=\"lazy\" decoding=\"async\" width=\"1024\" height=\"1017\" data-id=\"49\" src=\"http:\/\/latelierdamandine.com\/wp-content\/uploads\/2023\/08\/759AAA9D-C67D-4F11-9225-5027808EEE99-1024x1017.jpg\" alt=\"\" class=\"wp-image-49\" style=\"aspect-ratio:3\/2;object-fit:cover\" srcset=\"https:\/\/latelierdamandine.com\/wp-content\/uploads\/2023\/08\/759AAA9D-C67D-4F11-9225-5027808EEE99-1024x1017.jpg 1024w, https:\/\/latelierdamandine.com\/wp-content\/uploads\/2023\/08\/759AAA9D-C67D-4F11-9225-5027808EEE99-300x298.jpg 300w, https:\/\/latelierdamandine.com\/wp-content\/uploads\/2023\/08\/759AAA9D-C67D-4F11-9225-5027808EEE99-150x150.jpg 150w, https:\/\/latelierdamandine.com\/wp-content\/uploads\/2023\/08\/759AAA9D-C67D-4F11-9225-5027808EEE99-768x763.jpg 768w, https:\/\/latelierdamandine.com\/wp-content\/uploads\/2023\/08\/759AAA9D-C67D-4F11-9225-5027808EEE99.jpg 1419w\" sizes=\"auto, (max-width: 1024px) 100vw, 1024px\" \/><\/figure>\n\n\n\n<figure class=\"wp-block-image size-large\"><img loading=\"lazy\" decoding=\"async\" width=\"1024\" height=\"1021\" data-id=\"74\" src=\"http:\/\/latelierdamandine.com\/wp-content\/uploads\/2023\/08\/B2FCF0DE-C211-4EEC-9EFF-1606AEB7219E-1024x1021.jpg\" alt=\"\" class=\"wp-image-74\" srcset=\"https:\/\/latelierdamandine.com\/wp-content\/uploads\/2023\/08\/B2FCF0DE-C211-4EEC-9EFF-1606AEB7219E-1024x1021.jpg 1024w, https:\/\/latelierdamandine.com\/wp-content\/uploads\/2023\/08\/B2FCF0DE-C211-4EEC-9EFF-1606AEB7219E-300x300.jpg 300w, https:\/\/latelierdamandine.com\/wp-content\/uploads\/2023\/08\/B2FCF0DE-C211-4EEC-9EFF-1606AEB7219E-150x150.jpg 150w, https:\/\/latelierdamandine.com\/wp-content\/uploads\/2023\/08\/B2FCF0DE-C211-4EEC-9EFF-1606AEB7219E-768x766.jpg 768w, https:\/\/latelierdamandine.com\/wp-content\/uploads\/2023\/08\/B2FCF0DE-C211-4EEC-9EFF-1606AEB7219E.jpg 1421w\" sizes=\"auto, (max-width: 1024px) 100vw, 1024px\" \/><\/figure>\n\n\n\n<figure class=\"wp-block-image size-large\"><img loading=\"lazy\" decoding=\"async\" width=\"1017\" height=\"1024\" data-id=\"82\" src=\"http:\/\/latelierdamandine.com\/wp-content\/uploads\/2023\/08\/C2FBDAE8-6A20-415E-9884-C53F6129E6B6-1017x1024.jpg\" alt=\"\" class=\"wp-image-82\" srcset=\"https:\/\/latelierdamandine.com\/wp-content\/uploads\/2023\/08\/C2FBDAE8-6A20-415E-9884-C53F6129E6B6-1017x1024.jpg 1017w, https:\/\/latelierdamandine.com\/wp-content\/uploads\/2023\/08\/C2FBDAE8-6A20-415E-9884-C53F6129E6B6-298x300.jpg 298w, https:\/\/latelierdamandine.com\/wp-content\/uploads\/2023\/08\/C2FBDAE8-6A20-415E-9884-C53F6129E6B6-150x150.jpg 150w, https:\/\/latelierdamandine.com\/wp-content\/uploads\/2023\/08\/C2FBDAE8-6A20-415E-9884-C53F6129E6B6-768x773.jpg 768w, https:\/\/latelierdamandine.com\/wp-content\/uploads\/2023\/08\/C2FBDAE8-6A20-415E-9884-C53F6129E6B6.jpg 1431w\" sizes=\"auto, (max-width: 1017px) 100vw, 1017px\" \/><\/figure>\n<\/figure>\n\n\n\n<div class=\"wp-block-group is-content-justification-center is-layout-constrained wp-block-group-is-layout-constrained\">\n<div class=\"wpcf7 no-js\" id=\"wpcf7-f13-o1\" lang=\"fr-FR\" dir=\"ltr\">\n<div class=\"screen-reader-response\"><p role=\"status\" aria-live=\"polite\" aria-atomic=\"true\"><\/p> <ul><\/ul><\/div>\n<form action=\"\/index.php\/wp-json\/wp\/v2\/pages\/2#wpcf7-f13-o1\" method=\"post\" class=\"wpcf7-form init\" aria-label=\"Formulaire de contact\" enctype=\"multipart\/form-data\" novalidate=\"novalidate\" data-status=\"init\">\n<div style=\"display: none;\">\n<input type=\"hidden\" name=\"_wpcf7\" value=\"13\" \/>\n<input type=\"hidden\" name=\"_wpcf7_version\" value=\"5.8\" \/>\n<input type=\"hidden\" name=\"_wpcf7_locale\" value=\"fr_FR\" \/>\n<input type=\"hidden\" name=\"_wpcf7_unit_tag\" value=\"wpcf7-f13-o1\" \/>\n<input type=\"hidden\" name=\"_wpcf7_container_post\" value=\"0\" \/>\n<input type=\"hidden\" name=\"_wpcf7_posted_data_hash\" value=\"\" \/>\n<\/div>\n<p>Bonjour,\n<\/p>\n<p>Tout d\u2019abord merci pour ton int\u00e9r\u00eat !<br \/>\nTu es sur le point de demander un rendez-vous ou des informations concernant ton projet de tatouage, le fait de remplir ce formulaire ne t\u2019engage pas \u00e0 prendre RDV, le RDV sera confirm\u00e9 d\u00e8s que les arrhes seront pay\u00e9es et d\u00e8s que j'aurai bloqu\u00e9 une date.\n<\/p>\n<p>Toutes les informations ou rendez-vous sont uniquement demand\u00e9s via ce formulaire, correctement compl\u00e9t\u00e9...donc merci de le lire jusqu'au bout \ud83d\ude09 !\n<\/p>\n<p>Chaque projet est unique et n\u00e9cessite beaucoup de temps. Pour te donner un budget ad\u00e9quat et faire le dessin le plus proche de ton id\u00e9e, j'ai besoin que tu remplisses le questionnaire que tu trouveras ci-dessous, de la mani\u00e8re la plus claire et la plus d\u00e9taill\u00e9e possible.\n<\/p>\n<p>N\u2019oublie pas non plus que si tu d\u00e9cides de me laisser carte blanche pour un projet plus libre et flexible, je peux laisser ma cr\u00e9ativit\u00e9 travailler, s\u2019exprimer, et le tatouage sera plus personnalis\u00e9. Dans ce cas, sp\u00e9cifie-le dans la section des observations. Si tu as une id\u00e9e en t\u00eate de ton dessin, \u00e9vite de donner carte blanche, et n\u2019oublie pas de l\u2019envoyer dans l\u2019email avec le reste des images.\n<\/p>\n<p>Par respect pour le temps que je passe \u00e0 lire et \u00e0 r\u00e9pondre \u00e0 ta demande, s\u2019il te pla\u00eet, ne prend pas ce formulaire \u00e0 la l\u00e9g\u00e8re. Chaque demande requiert une implication et une motivation r\u00e9elle de ta part, suivie de la mienne...\n<\/p>\n<p>Ce formulaire recevra une r\u00e9ponse dans un d\u00e9lai de 1-4 semaines. Je r\u00e9ponds \u00e0 TOUS les emails.\n<\/p>\n<p>M\u00eame si je ne fais pas ton tatouage, je te tiens au courant et, si je peux, je te renverrai vers un artiste qui, selon moi, correspond davantage \u00e0 ce que tu recherches.\n<\/p>\n<p>Pour un projet personnel, il me faudra un brouillon de ton id\u00e9e. Pas d'inqui\u00e9tude pour le brouillon, tu peux me dessiner un cercle pour une fleur et une croix pour un animal, je vais comprendre.\n<\/p>\n<p>Info budget : Le budget ne repr\u00e9sente pas le prix que tu veux que le tatouage co\u00fbte, ni ce qu'il co\u00fbtera mais bien TON BUDGET MAXIMUM que tu pourras consacrer (on adaptera le dessin \u00e0 ton budget si cela est possible).\n<\/p>\n<p>En fonction de ton projet et apr\u00e8s lecture de ce formulaire, nous pourrons si n\u00e9cessaire convenir ensemble d'un RDV de rencontre, sinon je te proposerai des dates de RDV pour le jour du tatouage en fonction de tes disponibilit\u00e9s.\n<\/p>\n<p>Petite pr\u00e9cision, Avec moi, il faut compter 6 \u00e0 7 mois de d\u00e9lai pour un rendez vous de tatouage...c'est gage de qualit\u00e9 dans notre m\u00e9tier !\n<\/p>\n<p>A toi de t'exprimer !\n<\/p>\n<p><label> Nom :<br \/>\n<span class=\"wpcf7-form-control-wrap\" data-name=\"your-name\"><input size=\"40\" class=\"wpcf7-form-control wpcf7-text wpcf7-validates-as-required\" autocomplete=\"name\" aria-required=\"true\" aria-invalid=\"false\" value=\"\" type=\"text\" name=\"your-name\" \/><\/span> <\/label>\n<\/p>\n<p><label> Pr\u00e9nom :<br \/>\n<span class=\"wpcf7-form-control-wrap\" data-name=\"your-surname\"><input size=\"40\" class=\"wpcf7-form-control wpcf7-text wpcf7-validates-as-required\" autocomplete=\"name\" aria-required=\"true\" aria-invalid=\"false\" value=\"\" type=\"text\" name=\"your-surname\" \/><\/span> <\/label>\n<\/p>\n<p><label> E-mail :<br \/>\n<span class=\"wpcf7-form-control-wrap\" data-name=\"your-email\"><input size=\"40\" class=\"wpcf7-form-control wpcf7-email wpcf7-validates-as-required wpcf7-text wpcf7-validates-as-email\" autocomplete=\"email\" aria-required=\"true\" aria-invalid=\"false\" value=\"\" type=\"email\" name=\"your-email\" \/><\/span> <\/label>\n<\/p>\n<p><label> Insta ou Facebook :<br \/>\n<span class=\"wpcf7-form-control-wrap\" data-name=\"your-InstaFB\"><input size=\"40\" class=\"wpcf7-form-control wpcf7-text wpcf7-validates-as-required\" aria-required=\"true\" aria-invalid=\"false\" value=\"\" type=\"text\" name=\"your-InstaFB\" \/><\/span> <\/label>\n<\/p>\n<p><label> Age :<br \/>\n<span class=\"wpcf7-form-control-wrap\" data-name=\"your-Age\"><input size=\"40\" class=\"wpcf7-form-control wpcf7-text wpcf7-validates-as-required\" autocomplete=\"Age\" aria-required=\"true\" aria-invalid=\"false\" value=\"\" type=\"text\" name=\"your-Age\" \/><\/span> <\/label>\n<\/p>\n<p><label> Num\u00e9ro de portable :<br \/>\n<span class=\"wpcf7-form-control-wrap\" data-name=\"your-PhoneNumb\"><input size=\"40\" class=\"wpcf7-form-control wpcf7-text wpcf7-validates-as-required\" autocomplete=\"Portable\" aria-required=\"true\" aria-invalid=\"false\" value=\"\" type=\"text\" name=\"your-PhoneNumb\" \/><\/span> <\/label>\n<\/p>\n<p><label> Activit\u00e9 (\u00e9tudiant, salari\u00e9, ind\u00e9pendant...) :<br \/>\n<span class=\"wpcf7-form-control-wrap\" data-name=\"your-Activity\"><input size=\"40\" class=\"wpcf7-form-control wpcf7-text wpcf7-validates-as-required\" aria-required=\"true\" aria-invalid=\"false\" value=\"\" type=\"text\" name=\"your-Activity\" \/><\/span> <\/label>\n<\/p>\n<p><label> Ville :<br \/>\n<span class=\"wpcf7-form-control-wrap\" data-name=\"your-City\"><input size=\"40\" class=\"wpcf7-form-control wpcf7-text wpcf7-validates-as-required\" autocomplete=\"Ville\" aria-required=\"true\" aria-invalid=\"false\" value=\"\" type=\"text\" name=\"your-City\" \/><\/span> <\/label>\n<\/p>\n<p><label> Ton premier tatoo ?<br \/>\n<span class=\"wpcf7-form-control-wrap\" data-name=\"Cesttonpremiertatoo\"><span class=\"wpcf7-form-control wpcf7-checkbox wpcf7-validates-as-required\"><span class=\"wpcf7-list-item first\"><label><input type=\"checkbox\" name=\"Cesttonpremiertatoo[]\" value=\"Oui\" \/><span class=\"wpcf7-list-item-label\">Oui<\/span><\/label><\/span><span class=\"wpcf7-list-item last\"><label><input type=\"checkbox\" name=\"Cesttonpremiertatoo[]\" value=\"Non\" \/><span class=\"wpcf7-list-item-label\">Non<\/span><\/label><\/span><\/span><\/span><br \/>\n<label><br \/>\n<label> Ton projet ?<br \/>\n<span class=\"wpcf7-form-control-wrap\" data-name=\"Tonprojet\"><span class=\"wpcf7-form-control wpcf7-checkbox wpcf7-validates-as-required\"><span class=\"wpcf7-list-item first\"><label><input type=\"checkbox\" name=\"Tonprojet[]\" value=\"Personnalis\u00e9\" \/><span class=\"wpcf7-list-item-label\">Personnalis\u00e9<\/span><\/label><\/span><span class=\"wpcf7-list-item last\"><label><input type=\"checkbox\" name=\"Tonprojet[]\" value=\"Flash\" \/><span class=\"wpcf7-list-item-label\">Flash<\/span><\/label><\/span><\/span><\/span><br \/>\n<label><br \/>\n<label> Quelle partie du corps ? (attention, je ne tattoo pas : les doigts, les orteils et derri\u00e8re les oreilles) :<br \/>\n<span class=\"wpcf7-form-control-wrap\" data-name=\"Partiedu\"><input size=\"40\" class=\"wpcf7-form-control wpcf7-text wpcf7-validates-as-required\" autocomplete=\"Partie\" aria-required=\"true\" aria-invalid=\"false\" value=\"\" type=\"text\" name=\"Partiedu\" \/><\/span><br \/>\n<label><br \/>\n<label> Mesures approximatives du tatouage (hauteur x largeur), sachant que je te conseillerai toujours sur la bonne taille en fonction de l'emplacement :<br \/>\n<span class=\"wpcf7-form-control-wrap\" data-name=\"Dimensions\"><input size=\"40\" class=\"wpcf7-form-control wpcf7-text wpcf7-validates-as-required\" autocomplete=\"Dimensions\" aria-required=\"true\" aria-invalid=\"false\" value=\"\" type=\"text\" name=\"Dimensions\" \/><\/span><br \/>\n<label><br \/>\n<label> Budget maximum, pour faire co\u00efncider dimension et complexit\u00e9 :<br \/>\n<span class=\"wpcf7-form-control-wrap\" data-name=\"Budget\"><input size=\"40\" class=\"wpcf7-form-control wpcf7-text wpcf7-validates-as-required\" autocomplete=\"Budget\" aria-required=\"true\" aria-invalid=\"false\" value=\"\" type=\"text\" name=\"Budget\" \/><\/span><br \/>\n<label><br \/>\n<label> Descriptif et observations de ton projet :<br \/>\n<span class=\"wpcf7-form-control-wrap\" data-name=\"descriptif\"><textarea cols=\"40\" rows=\"10\" class=\"wpcf7-form-control wpcf7-textarea wpcf7-validates-as-required\" autocomplete=\"descriptif\" aria-required=\"true\" aria-invalid=\"false\" name=\"descriptif\"><\/textarea><\/span><br \/>\n<label><br \/>\n<label> Un message en plus ? (facultatif)<br \/>\n<span class=\"wpcf7-form-control-wrap\" data-name=\"your-message\"><textarea cols=\"40\" rows=\"10\" class=\"wpcf7-form-control wpcf7-textarea\" autocomplete=\"Message\" aria-invalid=\"false\" name=\"your-message\"><\/textarea><\/span><br \/>\n<label><br \/>\n<label> Tes inspirations (5 Mo Max par fichier):<br \/>\n<span class=\"wpcf7-form-control-wrap\" data-name=\"fichierexemple1\"><input size=\"40\" class=\"wpcf7-form-control wpcf7-file\" accept=\".jpeg,.jpg,.pdf,.png\" aria-invalid=\"false\" type=\"file\" name=\"fichierexemple1\" \/><\/span><br \/>\n<span class=\"wpcf7-form-control-wrap\" data-name=\"fichierexemple2\"><input size=\"40\" class=\"wpcf7-form-control wpcf7-file\" accept=\".jpeg,.jpg,.pdf,.png\" aria-invalid=\"false\" type=\"file\" name=\"fichierexemple2\" \/><\/span><br \/>\n<span class=\"wpcf7-form-control-wrap\" data-name=\"fichierexemple3\"><input size=\"40\" class=\"wpcf7-form-control wpcf7-file\" accept=\".jpeg,.jpg,.pdf,.png\" aria-invalid=\"false\" type=\"file\" name=\"fichierexemple3\" \/><\/span><br \/>\n<label><br \/>\n<label> Tes disponibilit\u00e9s :<br \/>\n<span class=\"wpcf7-form-control-wrap\" data-name=\"Vosdisponibilites\"><span class=\"wpcf7-form-control wpcf7-checkbox wpcf7-validates-as-required\"><span class=\"wpcf7-list-item first\"><label><input type=\"checkbox\" name=\"Vosdisponibilites[]\" value=\"Lundi (de 9h \u00e0 12h)\" \/><span class=\"wpcf7-list-item-label\">Lundi (de 9h \u00e0 12h)<\/span><\/label><\/span><span class=\"wpcf7-list-item\"><label><input type=\"checkbox\" name=\"Vosdisponibilites[]\" value=\"Lundi (de 13h \u00e0 18h)\" \/><span class=\"wpcf7-list-item-label\">Lundi (de 13h \u00e0 18h)<\/span><\/label><\/span><span class=\"wpcf7-list-item\"><label><input type=\"checkbox\" name=\"Vosdisponibilites[]\" value=\"Mardi (de 9h \u00e0 12h)\" \/><span class=\"wpcf7-list-item-label\">Mardi (de 9h \u00e0 12h)<\/span><\/label><\/span><span class=\"wpcf7-list-item\"><label><input type=\"checkbox\" name=\"Vosdisponibilites[]\" value=\"Mardi (de 13h \u00e0 18h)\" \/><span class=\"wpcf7-list-item-label\">Mardi (de 13h \u00e0 18h)<\/span><\/label><\/span><span class=\"wpcf7-list-item\"><label><input type=\"checkbox\" name=\"Vosdisponibilites[]\" value=\"Jeudi (de 9h \u00e0 12h)\" \/><span class=\"wpcf7-list-item-label\">Jeudi (de 9h \u00e0 12h)<\/span><\/label><\/span><span class=\"wpcf7-list-item\"><label><input type=\"checkbox\" name=\"Vosdisponibilites[]\" value=\"Jeudi (de 13h \u00e0 18h)\" \/><span class=\"wpcf7-list-item-label\">Jeudi (de 13h \u00e0 18h)<\/span><\/label><\/span><span class=\"wpcf7-list-item\"><label><input type=\"checkbox\" name=\"Vosdisponibilites[]\" value=\"Vendredi (de 9h \u00e0 12h)\" \/><span class=\"wpcf7-list-item-label\">Vendredi (de 9h \u00e0 12h)<\/span><\/label><\/span><span class=\"wpcf7-list-item last\"><label><input type=\"checkbox\" name=\"Vosdisponibilites[]\" value=\"Vendredi (de 13h \u00e0 18h)\" \/><span class=\"wpcf7-list-item-label\">Vendredi (de 13h \u00e0 18h)<\/span><\/label><\/span><\/span><\/span><br \/>\n<label><br \/>\n<label> Comment m'as tu connu ?<br \/>\n<span class=\"wpcf7-form-control-wrap\" data-name=\"Commentmastuconnus\"><select class=\"wpcf7-form-control wpcf7-select\" aria-invalid=\"false\" multiple=\"multiple\" name=\"Commentmastuconnus[]\"><option value=\"\">&#8212;Veuillez choisir une option&#8212;<\/option><option value=\"Instagram\">Instagram<\/option><option value=\"Facebook\">Facebook<\/option><option value=\"Google\">Google<\/option><option value=\"Convention\">Convention<\/option><option value=\"Bouche \u00e0 oreille\">Bouche \u00e0 oreille<\/option><\/select><\/span><br \/>\n<label><br \/>\n<input class=\"wpcf7-form-control wpcf7-submit has-spinner\" type=\"submit\" value=\"Envoyer\" \/><\/label><\/label><\/label><\/label><\/label><\/label><\/label><\/label><\/label><\/label><\/label><\/label><\/label><\/label><\/label><\/label><\/label><\/label><\/label><\/label>\n<\/p><p style=\"display: none !important;\"><label>&#916;<textarea name=\"_wpcf7_ak_hp_textarea\" cols=\"45\" rows=\"8\" maxlength=\"100\"><\/textarea><\/label><input type=\"hidden\" id=\"ak_js_1\" name=\"_wpcf7_ak_js\" value=\"152\"\/><script>document.getElementById( \"ak_js_1\" ).setAttribute( \"value\", ( new Date() ).getTime() );<\/script><\/p><div class=\"wpcf7-response-output\" aria-hidden=\"true\"><\/div>\n<\/form>\n<\/div>\n\n<\/div>\n\n\n\n<figure class=\"wp-block-gallery has-nested-images columns-default is-cropped wp-block-gallery-2 is-layout-flex wp-block-gallery-is-layout-flex\">\n<figure class=\"wp-block-image size-large\"><img loading=\"lazy\" decoding=\"async\" width=\"1024\" height=\"1017\" data-id=\"26\" src=\"http:\/\/latelierdamandine.com\/wp-content\/uploads\/2023\/08\/6CA4511D-5C88-4B86-91B8-2122AEF56BF3-1024x1017.jpg\" alt=\"\" class=\"wp-image-26\" srcset=\"https:\/\/latelierdamandine.com\/wp-content\/uploads\/2023\/08\/6CA4511D-5C88-4B86-91B8-2122AEF56BF3-1024x1017.jpg 1024w, https:\/\/latelierdamandine.com\/wp-content\/uploads\/2023\/08\/6CA4511D-5C88-4B86-91B8-2122AEF56BF3-300x298.jpg 300w, https:\/\/latelierdamandine.com\/wp-content\/uploads\/2023\/08\/6CA4511D-5C88-4B86-91B8-2122AEF56BF3-150x150.jpg 150w, https:\/\/latelierdamandine.com\/wp-content\/uploads\/2023\/08\/6CA4511D-5C88-4B86-91B8-2122AEF56BF3-768x763.jpg 768w, https:\/\/latelierdamandine.com\/wp-content\/uploads\/2023\/08\/6CA4511D-5C88-4B86-91B8-2122AEF56BF3.jpg 1406w\" sizes=\"auto, (max-width: 1024px) 100vw, 1024px\" \/><\/figure>\n\n\n\n<figure class=\"wp-block-image size-large\"><img loading=\"lazy\" decoding=\"async\" width=\"1024\" height=\"1024\" data-id=\"97\" src=\"http:\/\/latelierdamandine.com\/wp-content\/uploads\/2023\/08\/F9EF64EA-9F5D-468A-A7EF-8FBBDEC5D89B-1024x1024.jpg\" alt=\"\" class=\"wp-image-97\" srcset=\"https:\/\/latelierdamandine.com\/wp-content\/uploads\/2023\/08\/F9EF64EA-9F5D-468A-A7EF-8FBBDEC5D89B-1024x1024.jpg 1024w, https:\/\/latelierdamandine.com\/wp-content\/uploads\/2023\/08\/F9EF64EA-9F5D-468A-A7EF-8FBBDEC5D89B-300x300.jpg 300w, https:\/\/latelierdamandine.com\/wp-content\/uploads\/2023\/08\/F9EF64EA-9F5D-468A-A7EF-8FBBDEC5D89B-150x150.jpg 150w, https:\/\/latelierdamandine.com\/wp-content\/uploads\/2023\/08\/F9EF64EA-9F5D-468A-A7EF-8FBBDEC5D89B-768x768.jpg 768w, https:\/\/latelierdamandine.com\/wp-content\/uploads\/2023\/08\/F9EF64EA-9F5D-468A-A7EF-8FBBDEC5D89B.jpg 1414w\" sizes=\"auto, (max-width: 1024px) 100vw, 1024px\" \/><\/figure>\n\n\n\n<figure class=\"wp-block-image size-large\"><img loading=\"lazy\" decoding=\"async\" width=\"1018\" height=\"1024\" data-id=\"92\" src=\"http:\/\/latelierdamandine.com\/wp-content\/uploads\/2023\/08\/D9D32361-DC1C-46C3-BABB-ECD8F4AC1C69-1018x1024.jpg\" alt=\"\" class=\"wp-image-92\" srcset=\"https:\/\/latelierdamandine.com\/wp-content\/uploads\/2023\/08\/D9D32361-DC1C-46C3-BABB-ECD8F4AC1C69-1018x1024.jpg 1018w, https:\/\/latelierdamandine.com\/wp-content\/uploads\/2023\/08\/D9D32361-DC1C-46C3-BABB-ECD8F4AC1C69-298x300.jpg 298w, https:\/\/latelierdamandine.com\/wp-content\/uploads\/2023\/08\/D9D32361-DC1C-46C3-BABB-ECD8F4AC1C69-150x150.jpg 150w, https:\/\/latelierdamandine.com\/wp-content\/uploads\/2023\/08\/D9D32361-DC1C-46C3-BABB-ECD8F4AC1C69-768x773.jpg 768w, https:\/\/latelierdamandine.com\/wp-content\/uploads\/2023\/08\/D9D32361-DC1C-46C3-BABB-ECD8F4AC1C69.jpg 1427w\" sizes=\"auto, (max-width: 1018px) 100vw, 1018px\" \/><\/figure>\n\n\n\n<figure class=\"wp-block-image size-large\"><img loading=\"lazy\" decoding=\"async\" width=\"1024\" height=\"1022\" data-id=\"19\" src=\"http:\/\/latelierdamandine.com\/wp-content\/uploads\/2023\/08\/3A856590-49BA-4CFD-AC03-E747B2574CC5-1024x1022.jpg\" alt=\"\" class=\"wp-image-19\" srcset=\"https:\/\/latelierdamandine.com\/wp-content\/uploads\/2023\/08\/3A856590-49BA-4CFD-AC03-E747B2574CC5-1024x1022.jpg 1024w, https:\/\/latelierdamandine.com\/wp-content\/uploads\/2023\/08\/3A856590-49BA-4CFD-AC03-E747B2574CC5-300x300.jpg 300w, https:\/\/latelierdamandine.com\/wp-content\/uploads\/2023\/08\/3A856590-49BA-4CFD-AC03-E747B2574CC5-150x150.jpg 150w, https:\/\/latelierdamandine.com\/wp-content\/uploads\/2023\/08\/3A856590-49BA-4CFD-AC03-E747B2574CC5-768x766.jpg 768w, https:\/\/latelierdamandine.com\/wp-content\/uploads\/2023\/08\/3A856590-49BA-4CFD-AC03-E747B2574CC5.jpg 1415w\" sizes=\"auto, (max-width: 1024px) 100vw, 1024px\" \/><\/figure>\n\n\n\n<figure class=\"wp-block-image size-large\"><img loading=\"lazy\" decoding=\"async\" width=\"1024\" height=\"1022\" data-id=\"36\" src=\"http:\/\/latelierdamandine.com\/wp-content\/uploads\/2023\/08\/35CBE50F-7B31-4D93-8FA0-F09CD10B5699-1024x1022.jpg\" alt=\"\" class=\"wp-image-36\" srcset=\"https:\/\/latelierdamandine.com\/wp-content\/uploads\/2023\/08\/35CBE50F-7B31-4D93-8FA0-F09CD10B5699-1024x1022.jpg 1024w, https:\/\/latelierdamandine.com\/wp-content\/uploads\/2023\/08\/35CBE50F-7B31-4D93-8FA0-F09CD10B5699-300x300.jpg 300w, https:\/\/latelierdamandine.com\/wp-content\/uploads\/2023\/08\/35CBE50F-7B31-4D93-8FA0-F09CD10B5699-150x150.jpg 150w, https:\/\/latelierdamandine.com\/wp-content\/uploads\/2023\/08\/35CBE50F-7B31-4D93-8FA0-F09CD10B5699-768x766.jpg 768w, https:\/\/latelierdamandine.com\/wp-content\/uploads\/2023\/08\/35CBE50F-7B31-4D93-8FA0-F09CD10B5699.jpg 1416w\" sizes=\"auto, (max-width: 1024px) 100vw, 1024px\" \/><\/figure>\n\n\n\n<figure class=\"wp-block-image size-large\"><img loading=\"lazy\" decoding=\"async\" width=\"1024\" height=\"1008\" data-id=\"63\" src=\"http:\/\/latelierdamandine.com\/wp-content\/uploads\/2023\/08\/742246FA-C774-4EED-90FD-2278D3F6262C-1024x1008.jpg\" alt=\"\" class=\"wp-image-63\" srcset=\"https:\/\/latelierdamandine.com\/wp-content\/uploads\/2023\/08\/742246FA-C774-4EED-90FD-2278D3F6262C-1024x1008.jpg 1024w, https:\/\/latelierdamandine.com\/wp-content\/uploads\/2023\/08\/742246FA-C774-4EED-90FD-2278D3F6262C-300x295.jpg 300w, https:\/\/latelierdamandine.com\/wp-content\/uploads\/2023\/08\/742246FA-C774-4EED-90FD-2278D3F6262C-768x756.jpg 768w, https:\/\/latelierdamandine.com\/wp-content\/uploads\/2023\/08\/742246FA-C774-4EED-90FD-2278D3F6262C.jpg 1401w\" sizes=\"auto, (max-width: 1024px) 100vw, 1024px\" \/><\/figure>\n\n\n\n<figure class=\"wp-block-image size-large\"><img loading=\"lazy\" decoding=\"async\" width=\"1024\" height=\"1024\" data-id=\"38\" src=\"http:\/\/latelierdamandine.com\/wp-content\/uploads\/2023\/08\/40FBB640-9656-44B6-AF33-F0A520288527-1024x1024.jpg\" alt=\"\" class=\"wp-image-38\" srcset=\"https:\/\/latelierdamandine.com\/wp-content\/uploads\/2023\/08\/40FBB640-9656-44B6-AF33-F0A520288527-1024x1024.jpg 1024w, https:\/\/latelierdamandine.com\/wp-content\/uploads\/2023\/08\/40FBB640-9656-44B6-AF33-F0A520288527-300x300.jpg 300w, https:\/\/latelierdamandine.com\/wp-content\/uploads\/2023\/08\/40FBB640-9656-44B6-AF33-F0A520288527-150x150.jpg 150w, https:\/\/latelierdamandine.com\/wp-content\/uploads\/2023\/08\/40FBB640-9656-44B6-AF33-F0A520288527-768x768.jpg 768w, https:\/\/latelierdamandine.com\/wp-content\/uploads\/2023\/08\/40FBB640-9656-44B6-AF33-F0A520288527.jpg 1423w\" sizes=\"auto, (max-width: 1024px) 100vw, 1024px\" \/><\/figure>\n\n\n\n<figure class=\"wp-block-image size-large\"><img loading=\"lazy\" decoding=\"async\" width=\"1024\" height=\"1024\" data-id=\"59\" src=\"http:\/\/latelierdamandine.com\/wp-content\/uploads\/2023\/08\/29565FEA-ABC8-4563-9AAB-6B3B727B371D-1024x1024.jpg\" alt=\"\" class=\"wp-image-59\" srcset=\"https:\/\/latelierdamandine.com\/wp-content\/uploads\/2023\/08\/29565FEA-ABC8-4563-9AAB-6B3B727B371D-1024x1024.jpg 1024w, https:\/\/latelierdamandine.com\/wp-content\/uploads\/2023\/08\/29565FEA-ABC8-4563-9AAB-6B3B727B371D-300x300.jpg 300w, https:\/\/latelierdamandine.com\/wp-content\/uploads\/2023\/08\/29565FEA-ABC8-4563-9AAB-6B3B727B371D-150x150.jpg 150w, https:\/\/latelierdamandine.com\/wp-content\/uploads\/2023\/08\/29565FEA-ABC8-4563-9AAB-6B3B727B371D-768x768.jpg 768w, https:\/\/latelierdamandine.com\/wp-content\/uploads\/2023\/08\/29565FEA-ABC8-4563-9AAB-6B3B727B371D.jpg 1413w\" sizes=\"auto, (max-width: 1024px) 100vw, 1024px\" \/><\/figure>\n\n\n\n<figure class=\"wp-block-image size-large\"><img loading=\"lazy\" decoding=\"async\" width=\"1024\" height=\"1017\" data-id=\"16\" src=\"http:\/\/latelierdamandine.com\/wp-content\/uploads\/2023\/08\/2C760EBF-226A-4704-AC7F-104108F20A1A-1024x1017.jpg\" alt=\"\" class=\"wp-image-16\" srcset=\"https:\/\/latelierdamandine.com\/wp-content\/uploads\/2023\/08\/2C760EBF-226A-4704-AC7F-104108F20A1A-1024x1017.jpg 1024w, https:\/\/latelierdamandine.com\/wp-content\/uploads\/2023\/08\/2C760EBF-226A-4704-AC7F-104108F20A1A-300x298.jpg 300w, https:\/\/latelierdamandine.com\/wp-content\/uploads\/2023\/08\/2C760EBF-226A-4704-AC7F-104108F20A1A-150x150.jpg 150w, https:\/\/latelierdamandine.com\/wp-content\/uploads\/2023\/08\/2C760EBF-226A-4704-AC7F-104108F20A1A-768x763.jpg 768w, https:\/\/latelierdamandine.com\/wp-content\/uploads\/2023\/08\/2C760EBF-226A-4704-AC7F-104108F20A1A.jpg 1410w\" sizes=\"auto, (max-width: 1024px) 100vw, 1024px\" \/><\/figure>\n<\/figure>\n\n\n\n<p><\/p>\n\n\n\n<h2 class=\"wp-block-heading has-text-align-center\"><a href=\"https:\/\/latelierdamandine.com\/\" data-type=\"link\" data-id=\"https:\/\/latelierdamandine.com\/\">Retour \u00e0 l&rsquo;accueil<\/a><\/h2>\n","protected":false},"excerpt":{"rendered":"<p>Retour \u00e0 l&rsquo;accueil<\/p>\n","protected":false},"author":1,"featured_media":109,"parent":0,"menu_order":0,"comment_status":"closed","ping_status":"closed","template":"page-no-separators","meta":{"footnotes":""},"class_list":["post-2","page","type-page","status-publish","has-post-thumbnail","hentry"],"_links":{"self":[{"href":"https:\/\/latelierdamandine.com\/index.php\/wp-json\/wp\/v2\/pages\/2","targetHints":{"allow":["GET"]}}],"collection":[{"href":"https:\/\/latelierdamandine.com\/index.php\/wp-json\/wp\/v2\/pages"}],"about":[{"href":"https:\/\/latelierdamandine.com\/index.php\/wp-json\/wp\/v2\/types\/page"}],"author":[{"embeddable":true,"href":"https:\/\/latelierdamandine.com\/index.php\/wp-json\/wp\/v2\/users\/1"}],"replies":[{"embeddable":true,"href":"https:\/\/latelierdamandine.com\/index.php\/wp-json\/wp\/v2\/comments?post=2"}],"version-history":[{"count":13,"href":"https:\/\/latelierdamandine.com\/index.php\/wp-json\/wp\/v2\/pages\/2\/revisions"}],"predecessor-version":[{"id":375,"href":"https:\/\/latelierdamandine.com\/index.php\/wp-json\/wp\/v2\/pages\/2\/revisions\/375"}],"wp:featuredmedia":[{"embeddable":true,"href":"https:\/\/latelierdamandine.com\/index.php\/wp-json\/wp\/v2\/media\/109"}],"wp:attachment":[{"href":"https:\/\/latelierdamandine.com\/index.php\/wp-json\/wp\/v2\/media?parent=2"}],"curies":[{"name":"wp","href":"https:\/\/api.w.org\/{rel}","templated":true}]}}