{"id":151,"date":"2023-08-17T23:13:56","date_gmt":"2023-08-17T21:13:56","guid":{"rendered":"https:\/\/latelierdamandine.com\/?page_id=151"},"modified":"2023-08-21T09:14:43","modified_gmt":"2023-08-21T07:14:43","slug":"latelier","status":"publish","type":"page","link":"https:\/\/latelierdamandine.com\/index.php\/latelier\/","title":{"rendered":"L&rsquo;Atelier Priv\u00e9"},"content":{"rendered":"\n<figure class=\"wp-block-image size-large\"><img loading=\"lazy\" decoding=\"async\" width=\"681\" height=\"1024\" src=\"http:\/\/latelierdamandine.com\/wp-content\/uploads\/2023\/08\/TOUMAII_MEDIA_LIMITED_-439-2-681x1024.jpg\" alt=\"\" class=\"wp-image-296\" srcset=\"https:\/\/latelierdamandine.com\/wp-content\/uploads\/2023\/08\/TOUMAII_MEDIA_LIMITED_-439-2-681x1024.jpg 681w, https:\/\/latelierdamandine.com\/wp-content\/uploads\/2023\/08\/TOUMAII_MEDIA_LIMITED_-439-2-200x300.jpg 200w, https:\/\/latelierdamandine.com\/wp-content\/uploads\/2023\/08\/TOUMAII_MEDIA_LIMITED_-439-2-768x1154.jpg 768w, https:\/\/latelierdamandine.com\/wp-content\/uploads\/2023\/08\/TOUMAII_MEDIA_LIMITED_-439-2-1022x1536.jpg 1022w, https:\/\/latelierdamandine.com\/wp-content\/uploads\/2023\/08\/TOUMAII_MEDIA_LIMITED_-439-2-1363x2048.jpg 1363w, https:\/\/latelierdamandine.com\/wp-content\/uploads\/2023\/08\/TOUMAII_MEDIA_LIMITED_-439-2-scaled.jpg 1703w\" sizes=\"auto, (max-width: 681px) 100vw, 681px\" \/><\/figure>\n\n\n\n<h2 class=\"wp-block-heading has-text-align-center\">Cet endroit magique o\u00f9 je vous re\u00e7ois&#8230;<\/h2>\n\n\n\n<p>L\u2019Atelier d\u2019Amandine est un salon de tatouage qui se trouve \u00e0 Vienne, en Is\u00e8re, en plein c\u0153ur de cette belle ville historique. L\u2019adresse est \u00ab\u00a0secr\u00e8te\u00a0\u00bb\u2026 C\u2019est une volont\u00e9 de ma part d\u2019\u00eatre dans un concept \u00ab\u00a0atelier priv\u00e9\u00a0\u00bb\u2026 Donc exclusif.\u00a0<\/p>\n\n\n\n<p>C\u2019est un lieu que j\u2019affectionne particuli\u00e8rement, il a \u00e9t\u00e9 pens\u00e9 et d\u00e9cor\u00e9 \u00e0 mon image\u2026 Je vous partage un bout de moi, un vrai cocon.<\/p>\n\n\n\n<p>L\u2019Atelier est situ\u00e9 \u00e0 c\u00f4t\u00e9 de plusieurs parkings en centre-ville, il est donc facilement accessible, mais \u00e0 pied car dans une rue pi\u00e9tonne.<\/p>\n\n\n\n<p>J\u2019ai fait ce choix pour garantir une vraie tranquillit\u00e9 et un service maximum\u2026 Tu ne peux donc venir qu\u2019avec un RDV et l\u2019adresse te sera r\u00e9v\u00e9l\u00e9e juste avant !<\/p>\n\n\n\n<p>Ce fonctionnement assure un vrai privil\u00e8ge \u00e0 mes clients\u00a0: un moment calme et exclusif, intime en fonction de la zone tatou\u00e9e\u2026 Et me permet \u00e9galement une concentration totale et une disponibilit\u00e9 enti\u00e8re pour eux.<\/p>\n\n\n\n<p>Cette organisation est en r\u00e9alit\u00e9 mise en place pour le bien \u00eatre de ma client\u00e8le\u00a0: elle me permet d\u2019assurer une r\u00e9elle personnalisation\u2026 Du premier contact, en passant par la prise de RDV, l\u2019\u00e9laboration du projet, jusqu\u2019\u00e0 sa r\u00e9alisation.<\/p>\n\n\n\n<p>Tout contact pour demander des renseignements ou prendre un RDV passe par <a href=\"https:\/\/latelierdamandine.com\/index.php\/page-de-fomulaire\/\" data-type=\"link\" data-id=\"https:\/\/latelierdamandine.com\/index.php\/page-de-fomulaire\/\">le formulaire en ligne.<\/a><\/p>\n\n\n\n<p><\/p>\n\n\n\n<figure class=\"wp-block-gallery has-nested-images columns-default is-cropped wp-block-gallery-1 is-layout-flex wp-block-gallery-is-layout-flex\">\n<figure class=\"wp-block-image size-large\"><img loading=\"lazy\" decoding=\"async\" width=\"1024\" height=\"681\" data-id=\"328\" src=\"https:\/\/latelierdamandine.com\/wp-content\/uploads\/2023\/08\/4-1024x681.jpg\" alt=\"\" class=\"wp-image-328\" srcset=\"https:\/\/latelierdamandine.com\/wp-content\/uploads\/2023\/08\/4-1024x681.jpg 1024w, https:\/\/latelierdamandine.com\/wp-content\/uploads\/2023\/08\/4-300x200.jpg 300w, https:\/\/latelierdamandine.com\/wp-content\/uploads\/2023\/08\/4-768x511.jpg 768w, https:\/\/latelierdamandine.com\/wp-content\/uploads\/2023\/08\/4.jpg 1200w\" sizes=\"auto, (max-width: 1024px) 100vw, 1024px\" \/><\/figure>\n\n\n\n<figure class=\"wp-block-image size-large\"><img loading=\"lazy\" decoding=\"async\" width=\"1024\" height=\"681\" data-id=\"142\" src=\"https:\/\/latelierdamandine.com\/wp-content\/uploads\/2023\/08\/atelier-1024x681.jpg\" alt=\"\" class=\"wp-image-142\" srcset=\"https:\/\/latelierdamandine.com\/wp-content\/uploads\/2023\/08\/atelier-1024x681.jpg 1024w, https:\/\/latelierdamandine.com\/wp-content\/uploads\/2023\/08\/atelier-300x200.jpg 300w, https:\/\/latelierdamandine.com\/wp-content\/uploads\/2023\/08\/atelier-768x511.jpg 768w, https:\/\/latelierdamandine.com\/wp-content\/uploads\/2023\/08\/atelier.jpg 1200w\" sizes=\"auto, (max-width: 1024px) 100vw, 1024px\" \/><\/figure>\n\n\n\n<figure class=\"wp-block-image size-large\"><img loading=\"lazy\" decoding=\"async\" width=\"576\" height=\"1024\" data-id=\"288\" src=\"https:\/\/latelierdamandine.com\/wp-content\/uploads\/2023\/08\/IMG_7945-576x1024.jpg\" alt=\"\" class=\"wp-image-288\" srcset=\"https:\/\/latelierdamandine.com\/wp-content\/uploads\/2023\/08\/IMG_7945-576x1024.jpg 576w, https:\/\/latelierdamandine.com\/wp-content\/uploads\/2023\/08\/IMG_7945-169x300.jpg 169w, https:\/\/latelierdamandine.com\/wp-content\/uploads\/2023\/08\/IMG_7945-768x1365.jpg 768w, https:\/\/latelierdamandine.com\/wp-content\/uploads\/2023\/08\/IMG_7945-864x1536.jpg 864w, https:\/\/latelierdamandine.com\/wp-content\/uploads\/2023\/08\/IMG_7945.jpg 1080w\" sizes=\"auto, (max-width: 576px) 100vw, 576px\" \/><\/figure>\n\n\n\n<figure class=\"wp-block-image size-large\"><img loading=\"lazy\" decoding=\"async\" width=\"1024\" height=\"1024\" data-id=\"268\" src=\"https:\/\/latelierdamandine.com\/wp-content\/uploads\/2023\/08\/E7BDE68A-77AC-440A-B0B4-F50C50D063D1-1024x1024.jpg\" alt=\"\" class=\"wp-image-268\" srcset=\"https:\/\/latelierdamandine.com\/wp-content\/uploads\/2023\/08\/E7BDE68A-77AC-440A-B0B4-F50C50D063D1-1024x1024.jpg 1024w, https:\/\/latelierdamandine.com\/wp-content\/uploads\/2023\/08\/E7BDE68A-77AC-440A-B0B4-F50C50D063D1-300x300.jpg 300w, https:\/\/latelierdamandine.com\/wp-content\/uploads\/2023\/08\/E7BDE68A-77AC-440A-B0B4-F50C50D063D1-150x150.jpg 150w, https:\/\/latelierdamandine.com\/wp-content\/uploads\/2023\/08\/E7BDE68A-77AC-440A-B0B4-F50C50D063D1-768x768.jpg 768w, https:\/\/latelierdamandine.com\/wp-content\/uploads\/2023\/08\/E7BDE68A-77AC-440A-B0B4-F50C50D063D1.jpg 1440w\" sizes=\"auto, (max-width: 1024px) 100vw, 1024px\" \/><\/figure>\n\n\n\n<figure class=\"wp-block-image size-large\"><img loading=\"lazy\" decoding=\"async\" width=\"1024\" height=\"1024\" data-id=\"256\" src=\"https:\/\/latelierdamandine.com\/wp-content\/uploads\/2023\/08\/B8207788-9717-4FD9-8A26-5BF568FBF2DB-1024x1024.jpg\" alt=\"\" class=\"wp-image-256\" srcset=\"https:\/\/latelierdamandine.com\/wp-content\/uploads\/2023\/08\/B8207788-9717-4FD9-8A26-5BF568FBF2DB-1024x1024.jpg 1024w, https:\/\/latelierdamandine.com\/wp-content\/uploads\/2023\/08\/B8207788-9717-4FD9-8A26-5BF568FBF2DB-300x300.jpg 300w, https:\/\/latelierdamandine.com\/wp-content\/uploads\/2023\/08\/B8207788-9717-4FD9-8A26-5BF568FBF2DB-150x150.jpg 150w, https:\/\/latelierdamandine.com\/wp-content\/uploads\/2023\/08\/B8207788-9717-4FD9-8A26-5BF568FBF2DB-768x768.jpg 768w, https:\/\/latelierdamandine.com\/wp-content\/uploads\/2023\/08\/B8207788-9717-4FD9-8A26-5BF568FBF2DB-1536x1536.jpg 1536w, https:\/\/latelierdamandine.com\/wp-content\/uploads\/2023\/08\/B8207788-9717-4FD9-8A26-5BF568FBF2DB-2048x2048.jpg 2048w\" sizes=\"auto, (max-width: 1024px) 100vw, 1024px\" \/><\/figure>\n\n\n\n<figure class=\"wp-block-image size-large is-style-default\"><img loading=\"lazy\" decoding=\"async\" width=\"768\" height=\"1024\" data-id=\"234\" src=\"https:\/\/latelierdamandine.com\/wp-content\/uploads\/2023\/08\/Atelier-damandine-Tatoo-8-2-768x1024.jpg\" alt=\"\" class=\"wp-image-234\" srcset=\"https:\/\/latelierdamandine.com\/wp-content\/uploads\/2023\/08\/Atelier-damandine-Tatoo-8-2-768x1024.jpg 768w, https:\/\/latelierdamandine.com\/wp-content\/uploads\/2023\/08\/Atelier-damandine-Tatoo-8-2-225x300.jpg 225w, https:\/\/latelierdamandine.com\/wp-content\/uploads\/2023\/08\/Atelier-damandine-Tatoo-8-2-1152x1536.jpg 1152w, https:\/\/latelierdamandine.com\/wp-content\/uploads\/2023\/08\/Atelier-damandine-Tatoo-8-2-1536x2048.jpg 1536w, https:\/\/latelierdamandine.com\/wp-content\/uploads\/2023\/08\/Atelier-damandine-Tatoo-8-2-scaled.jpg 1920w\" sizes=\"auto, (max-width: 768px) 100vw, 768px\" \/><\/figure>\n\n\n\n<figure class=\"wp-block-image size-large\"><img loading=\"lazy\" decoding=\"async\" width=\"497\" height=\"833\" data-id=\"260\" src=\"https:\/\/latelierdamandine.com\/wp-content\/uploads\/2023\/08\/C51ACB92-86AE-4A5C-9B32-163BA998C17A.jpg\" alt=\"\" class=\"wp-image-260\" srcset=\"https:\/\/latelierdamandine.com\/wp-content\/uploads\/2023\/08\/C51ACB92-86AE-4A5C-9B32-163BA998C17A.jpg 497w, https:\/\/latelierdamandine.com\/wp-content\/uploads\/2023\/08\/C51ACB92-86AE-4A5C-9B32-163BA998C17A-179x300.jpg 179w\" sizes=\"auto, (max-width: 497px) 100vw, 497px\" \/><\/figure>\n<\/figure>\n\n\n\n<h3 class=\"wp-block-heading has-text-align-center\">Mes soutiens du quotidien :<\/h3>\n\n\n\n<ul class=\"wp-block-list\">\n<li>Cr\u00e8me naturelle apr\u00e8s tatouage <a href=\"https:\/\/www.13-byhc.com\/\" data-type=\"link\" data-id=\"https:\/\/www.13-byhc.com\/\">13byhc<\/a><\/li>\n\n\n\n<li><a href=\"https:\/\/www.facebook.com\/p\/Fromagerie-des-orf%C3%A8vres-100087433052269\/?paipv=0&amp;eav=AfZTcY4UL0Qw-ojts_TmaFtPt13VVerB1qdmzFjmzHE8DZ4QYgoF2G4OLelPMSGGL4A&amp;_rdr\" data-type=\"link\" data-id=\"https:\/\/www.facebook.com\/p\/Fromagerie-des-orf%C3%A8vres-100087433052269\/?paipv=0&amp;eav=AfZTcY4UL0Qw-ojts_TmaFtPt13VVerB1qdmzFjmzHE8DZ4QYgoF2G4OLelPMSGGL4A&amp;_rdr\">Fromagerie des Orf\u00e8vres<\/a><\/li>\n\n\n\n<li><a href=\"https:\/\/www.facebook.com\/profile.php?id=100057577414346&amp;locale=fr_FR\" data-type=\"link\" data-id=\"https:\/\/www.facebook.com\/profile.php?id=100057577414346&amp;locale=fr_FR\">Patisserie Vienna<\/a><\/li>\n\n\n\n<li><a href=\"https:\/\/www.facebook.com\/profile.php?id=100057342284205\" data-type=\"link\" data-id=\"https:\/\/www.facebook.com\/profile.php?id=100057342284205\">La Popote<\/a><\/li>\n\n\n\n<li><a href=\"https:\/\/www.facebook.com\/NacrTattoo\/\" data-type=\"link\" data-id=\"https:\/\/www.facebook.com\/NacrTattoo\/\">NacrTattoo<\/a><\/li>\n\n\n\n<li><a href=\"https:\/\/www.studiogwendumoulin.com\/\" data-type=\"link\" data-id=\"https:\/\/www.studiogwendumoulin.com\/\">Gwen Dumoulin Photographe<\/a><\/li>\n\n\n\n<li><a href=\"https:\/\/www.facebook.com\/mebvienne\/\" data-type=\"link\" data-id=\"https:\/\/www.facebook.com\/mebvienne\/\">MEB coiffeur mixte Vienne<\/a><\/li>\n<\/ul>\n\n\n\n<h4 class=\"wp-block-heading has-text-align-center\"><a href=\"https:\/\/latelierdamandine.com\/\" data-type=\"link\" data-id=\"https:\/\/latelierdamandine.com\/\">Retour \u00e0 l&rsquo;accueil<\/a><\/h4>\n\n\n\n<p><\/p>\n\n\n\n<p><\/p>\n\n\n\n<p><\/p>\n\n\n\n<p><\/p>\n\n\n\n<p><\/p>\n\n\n\n<p><\/p>\n","protected":false},"excerpt":{"rendered":"<p>Cet endroit magique o\u00f9 je vous re\u00e7ois&#8230; L\u2019Atelier d\u2019Amandine est un salon de tatouage qui se trouve \u00e0 Vienne, en Is\u00e8re, en plein c\u0153ur de cette belle ville historique. L\u2019adresse est \u00ab\u00a0secr\u00e8te\u00a0\u00bb\u2026 C\u2019est une volont\u00e9 de ma part d\u2019\u00eatre dans un concept \u00ab\u00a0atelier priv\u00e9\u00a0\u00bb\u2026 Donc exclusif.\u00a0 C\u2019est un lieu que j\u2019affectionne particuli\u00e8rement, il a \u00e9t\u00e9 [&hellip;]<\/p>\n","protected":false},"author":1,"featured_media":0,"parent":0,"menu_order":0,"comment_status":"closed","ping_status":"closed","template":"modele-atelier","meta":{"footnotes":""},"class_list":["post-151","page","type-page","status-publish","hentry"],"_links":{"self":[{"href":"https:\/\/latelierdamandine.com\/index.php\/wp-json\/wp\/v2\/pages\/151","targetHints":{"allow":["GET"]}}],"collection":[{"href":"https:\/\/latelierdamandine.com\/index.php\/wp-json\/wp\/v2\/pages"}],"about":[{"href":"https:\/\/latelierdamandine.com\/index.php\/wp-json\/wp\/v2\/types\/page"}],"author":[{"embeddable":true,"href":"https:\/\/latelierdamandine.com\/index.php\/wp-json\/wp\/v2\/users\/1"}],"replies":[{"embeddable":true,"href":"https:\/\/latelierdamandine.com\/index.php\/wp-json\/wp\/v2\/comments?post=151"}],"version-history":[{"count":24,"href":"https:\/\/latelierdamandine.com\/index.php\/wp-json\/wp\/v2\/pages\/151\/revisions"}],"predecessor-version":[{"id":379,"href":"https:\/\/latelierdamandine.com\/index.php\/wp-json\/wp\/v2\/pages\/151\/revisions\/379"}],"wp:attachment":[{"href":"https:\/\/latelierdamandine.com\/index.php\/wp-json\/wp\/v2\/media?parent=151"}],"curies":[{"name":"wp","href":"https:\/\/api.w.org\/{rel}","templated":true}]}}