{"id":145,"date":"2023-08-17T22:58:34","date_gmt":"2023-08-17T20:58:34","guid":{"rendered":"https:\/\/latelierdamandine.com\/?page_id=145"},"modified":"2023-08-21T09:12:20","modified_gmt":"2023-08-21T07:12:20","slug":"mon-histoire","status":"publish","type":"page","link":"https:\/\/latelierdamandine.com\/index.php\/mon-histoire\/","title":{"rendered":"Mon Histoire"},"content":{"rendered":"\n<h2 class=\"wp-block-heading has-text-align-center\">Tu veux en savoir plus sur moi\u2026&nbsp;?<\/h2>\n\n\n\n<p class=\"has-text-align-center\">Sur ce qui m&rsquo;a emmen\u00e9 \u00e0 conjuguer ma passion pour l&rsquo;art et le tattoo&#8230;<\/p>\n\n\n\n<div class=\"wp-block-media-text is-stacked-on-mobile\"><figure class=\"wp-block-media-text__media\"><img loading=\"lazy\" decoding=\"async\" width=\"683\" height=\"1024\" src=\"http:\/\/latelierdamandine.com\/wp-content\/uploads\/2023\/08\/IMG_1987-683x1024.jpg\" alt=\"\" class=\"wp-image-111 size-full\" srcset=\"https:\/\/latelierdamandine.com\/wp-content\/uploads\/2023\/08\/IMG_1987-683x1024.jpg 683w, https:\/\/latelierdamandine.com\/wp-content\/uploads\/2023\/08\/IMG_1987-200x300.jpg 200w, https:\/\/latelierdamandine.com\/wp-content\/uploads\/2023\/08\/IMG_1987-768x1152.jpg 768w, https:\/\/latelierdamandine.com\/wp-content\/uploads\/2023\/08\/IMG_1987-1024x1536.jpg 1024w, https:\/\/latelierdamandine.com\/wp-content\/uploads\/2023\/08\/IMG_1987.jpg 1067w\" sizes=\"auto, (max-width: 683px) 100vw, 683px\" \/><\/figure><div class=\"wp-block-media-text__content\">\n<h3 class=\"wp-block-heading\">Qui je suis ?<\/h3>\n\n\n\n<p>Je m\u2019appelle Amandine et j\u2019ai 43 ans, \u00e7a c\u2019est la base&nbsp;!&nbsp;Depuis toute petite je suis passionn\u00e9e de dessin\u2026mon grand-p\u00e8re me faisait faire mes dessins sur des carnets o\u00f9 j\u2019avais le droit \u00e0 ses annotations. Du coup j\u2019ai fait mes \u00e9tudes en fonction de cette passion&nbsp;: un Bac Litt\u00e9raire option Arts Plastiques, ensuite une Ma\u00eetrise d\u2019Histoire de l\u2019Art et Arch\u00e9ologie et enfin une ann\u00e9e aux Beaux-Arts.&nbsp;<\/p>\n\n\n\n<p>J\u2019\u00e9tais d\u00e9j\u00e0 attir\u00e9e par le monde du tatouage, \u00e0 18 ans j\u2019ai fait mon premier en le cachant \u00e0 mes parents\u2026comme beaucoup je crois !<\/p>\n<\/div><\/div>\n\n\n\n<div class=\"wp-block-media-text has-media-on-the-right is-stacked-on-mobile\"><div class=\"wp-block-media-text__content\">\n<h3 class=\"wp-block-heading\">L&rsquo;art&#8230;<\/h3>\n\n\n\n<p>A la sortie des mes \u00e9tudes, le monde du tatouage \u00e9tait pour moi inaccessible et tr\u00e8s particulier, j\u2019ai donc d\u00e9vi\u00e9 quelques ann\u00e9es \u00e0 la banque pour avoir un emploi stable et construire ma vie de femme et de maman.<\/p>\n\n\n\n<p>Bon\u2026 J\u2019avoue je suis une passionn\u00e9e, donc 10 ans banqui\u00e8re c\u2019\u00e9tait le max\u00a0! J\u2019ai appris beaucoup de choses, toute exp\u00e9rience est enrichissante. En 2016,  j\u2019ai fait le premier grand saut en tant qu\u2019entrepreneuse\u00a0: j\u2019ai mont\u00e9 ma premi\u00e8re soci\u00e9t\u00e9, La Petite Acad\u00e9mie \u00e0 Vienne. C\u2019\u00e9tait une \u00e9cole d\u2019Art et agence d\u2019\u00e9v\u00e8nements artistiques. Je donnais des cours de dessin, peinture, sculpture et th\u00e9\u00e2tre \u00e0 des enfants, ados et adultes. Le Covid est pass\u00e9 par l\u00e0 et m\u2019a oblig\u00e9e \u00e0 fermer la structure.\u00a0<\/p>\n<\/div><figure class=\"wp-block-media-text__media\"><img loading=\"lazy\" decoding=\"async\" width=\"683\" height=\"1024\" src=\"http:\/\/latelierdamandine.com\/wp-content\/uploads\/2023\/08\/TOUMAII_MEDIA_LIMITED_-427-2-683x1024.jpg\" alt=\"\" class=\"wp-image-295 size-full\" srcset=\"https:\/\/latelierdamandine.com\/wp-content\/uploads\/2023\/08\/TOUMAII_MEDIA_LIMITED_-427-2-683x1024.jpg 683w, https:\/\/latelierdamandine.com\/wp-content\/uploads\/2023\/08\/TOUMAII_MEDIA_LIMITED_-427-2-200x300.jpg 200w, https:\/\/latelierdamandine.com\/wp-content\/uploads\/2023\/08\/TOUMAII_MEDIA_LIMITED_-427-2-768x1152.jpg 768w, https:\/\/latelierdamandine.com\/wp-content\/uploads\/2023\/08\/TOUMAII_MEDIA_LIMITED_-427-2-1024x1536.jpg 1024w, https:\/\/latelierdamandine.com\/wp-content\/uploads\/2023\/08\/TOUMAII_MEDIA_LIMITED_-427-2-1365x2048.jpg 1365w, https:\/\/latelierdamandine.com\/wp-content\/uploads\/2023\/08\/TOUMAII_MEDIA_LIMITED_-427-2-scaled.jpg 1707w\" sizes=\"auto, (max-width: 683px) 100vw, 683px\" \/><\/figure><\/div>\n\n\n\n<div class=\"wp-block-media-text is-stacked-on-mobile\"><figure class=\"wp-block-media-text__media\"><img loading=\"lazy\" decoding=\"async\" width=\"681\" height=\"1024\" src=\"http:\/\/latelierdamandine.com\/wp-content\/uploads\/2023\/08\/5-681x1024.jpg\" alt=\"\" class=\"wp-image-327 size-full\" srcset=\"https:\/\/latelierdamandine.com\/wp-content\/uploads\/2023\/08\/5-681x1024.jpg 681w, https:\/\/latelierdamandine.com\/wp-content\/uploads\/2023\/08\/5-200x300.jpg 200w, https:\/\/latelierdamandine.com\/wp-content\/uploads\/2023\/08\/5-768x1154.jpg 768w, https:\/\/latelierdamandine.com\/wp-content\/uploads\/2023\/08\/5-1022x1536.jpg 1022w, https:\/\/latelierdamandine.com\/wp-content\/uploads\/2023\/08\/5-1363x2048.jpg 1363w, https:\/\/latelierdamandine.com\/wp-content\/uploads\/2023\/08\/5-scaled.jpg 1703w\" sizes=\"auto, (max-width: 681px) 100vw, 681px\" \/><\/figure><div class=\"wp-block-media-text__content\">\n<h3 class=\"wp-block-heading\">Le tattoo :<\/h3>\n\n\n\n<p>Pendant le premier confinement, j\u2019ai rencontr\u00e9 mon ma\u00eetre d\u2019apprentissage, NacrTattoo\u2026 Et l\u00e0 tout a commenc\u00e9. J\u2019ai d\u00e9cid\u00e9, apr\u00e8s des heures d\u2019entrainement sur peaux synth\u00e9tiques, peaux d\u2019oranges et divers cobayes\u2026 De me lancer dans cette merveilleuse aventure. Je deviens alors Tatoueuse\u2026 Mon r\u00eave de jeune fille\u00a0!<\/p>\n\n\n\n<p>C\u2019est beaucoup de travail et une passion d\u00e9vorante qui m\u2019a permis de progresser pour atteindre le niveau que j\u2019ai aujourd\u2019hui\u2026 Et j\u2019apprends encore\u00a0!<\/p>\n\n\n\n<p>Je suis aujourd\u2019hui sp\u00e9cialis\u00e9e dans 4 styles&nbsp;: le floral, l\u2019ornemental, la ligne fine et le dotwork.<\/p>\n\n\n\n<p>Chaque projet pour moi est une rencontre, une histoire et un bout de moi sur vous. Vous me confiez au del\u00e0 de vos peaux\u2026 Vos histoires et vous me permettez de construire la mienne !<\/p>\n<\/div><\/div>\n\n\n\n<h4 class=\"wp-block-heading has-text-align-center\"><a href=\"https:\/\/latelierdamandine.com\/\" data-type=\"link\" data-id=\"https:\/\/latelierdamandine.com\/\">Retour \u00e0 l&rsquo;accueil<\/a><\/h4>\n","protected":false},"excerpt":{"rendered":"<p>Tu veux en savoir plus sur moi\u2026&nbsp;? Sur ce qui m&rsquo;a emmen\u00e9 \u00e0 conjuguer ma passion pour l&rsquo;art et le tattoo&#8230; Qui je suis ? Je m\u2019appelle Amandine et j\u2019ai 43 ans, \u00e7a c\u2019est la base&nbsp;!&nbsp;Depuis toute petite je suis passionn\u00e9e de dessin\u2026mon grand-p\u00e8re me faisait faire mes dessins sur des carnets o\u00f9 j\u2019avais le [&hellip;]<\/p>\n","protected":false},"author":1,"featured_media":0,"parent":0,"menu_order":0,"comment_status":"closed","ping_status":"closed","template":"page-no-separators","meta":{"footnotes":""},"class_list":["post-145","page","type-page","status-publish","hentry"],"_links":{"self":[{"href":"https:\/\/latelierdamandine.com\/index.php\/wp-json\/wp\/v2\/pages\/145","targetHints":{"allow":["GET"]}}],"collection":[{"href":"https:\/\/latelierdamandine.com\/index.php\/wp-json\/wp\/v2\/pages"}],"about":[{"href":"https:\/\/latelierdamandine.com\/index.php\/wp-json\/wp\/v2\/types\/page"}],"author":[{"embeddable":true,"href":"https:\/\/latelierdamandine.com\/index.php\/wp-json\/wp\/v2\/users\/1"}],"replies":[{"embeddable":true,"href":"https:\/\/latelierdamandine.com\/index.php\/wp-json\/wp\/v2\/comments?post=145"}],"version-history":[{"count":22,"href":"https:\/\/latelierdamandine.com\/index.php\/wp-json\/wp\/v2\/pages\/145\/revisions"}],"predecessor-version":[{"id":377,"href":"https:\/\/latelierdamandine.com\/index.php\/wp-json\/wp\/v2\/pages\/145\/revisions\/377"}],"wp:attachment":[{"href":"https:\/\/latelierdamandine.com\/index.php\/wp-json\/wp\/v2\/media?parent=145"}],"curies":[{"name":"wp","href":"https:\/\/api.w.org\/{rel}","templated":true}]}}